{"id":1368,"date":"2020-07-08T11:17:07","date_gmt":"2020-07-08T09:17:07","guid":{"rendered":"http:\/\/generalplastic.melonberries.sk\/kapcsolat\/"},"modified":"2022-06-24T14:59:17","modified_gmt":"2022-06-24T12:59:17","slug":"kapcsolat","status":"publish","type":"page","link":"https:\/\/gp-technology.sk\/hu\/kapcsolat\/","title":{"rendered":"Kapcsolat"},"content":{"rendered":"\t\t<div data-elementor-type=\"wp-page\" data-elementor-id=\"1368\" class=\"elementor elementor-1368 elementor-85\" data-elementor-post-type=\"page\">\n\t\t\t\t\t\t<section class=\"elementor-section elementor-top-section elementor-element elementor-element-4cdaf3f6 elementor-section-height-min-height elementor-section-boxed elementor-section-height-default elementor-section-items-middle\" data-id=\"4cdaf3f6\" data-element_type=\"section\" data-settings=\"{&quot;background_background&quot;:&quot;classic&quot;}\">\n\t\t\t\t\t\t<div class=\"elementor-container elementor-column-gap-default\">\n\t\t\t\t\t<div class=\"elementor-column elementor-col-100 elementor-top-column elementor-element elementor-element-4df17ee9\" data-id=\"4df17ee9\" data-element_type=\"column\">\n\t\t\t<div class=\"elementor-widget-wrap\">\n\t\t\t\t\t\t\t<\/div>\n\t\t<\/div>\n\t\t\t\t\t<\/div>\n\t\t<\/section>\n\t\t\t\t<section class=\"elementor-section elementor-top-section elementor-element elementor-element-5fcf43e2 elementor-section-boxed elementor-section-height-default elementor-section-height-default\" data-id=\"5fcf43e2\" data-element_type=\"section\" data-settings=\"{&quot;background_background&quot;:&quot;classic&quot;}\">\n\t\t\t\t\t\t<div class=\"elementor-container elementor-column-gap-default\">\n\t\t\t\t\t<div class=\"elementor-column elementor-col-100 elementor-top-column elementor-element elementor-element-2ba6648c\" data-id=\"2ba6648c\" data-element_type=\"column\">\n\t\t\t<div class=\"elementor-widget-wrap elementor-element-populated\">\n\t\t\t\t\t\t<div class=\"elementor-element elementor-element-5e8800de elementor-widget elementor-widget-heading\" data-id=\"5e8800de\" data-element_type=\"widget\" data-widget_type=\"heading.default\">\n\t\t\t\t<div class=\"elementor-widget-container\">\n\t\t\t\t\t<h1 class=\"elementor-heading-title elementor-size-default\">L\u00e9pjen kapcsolatba vel\u00fcnk<\/h1>\t\t\t\t<\/div>\n\t\t\t\t<\/div>\n\t\t\t\t\t<\/div>\n\t\t<\/div>\n\t\t\t\t\t<\/div>\n\t\t<\/section>\n\t\t\t\t<section class=\"elementor-section elementor-top-section elementor-element elementor-element-09656e7 elementor-section-boxed elementor-section-height-default elementor-section-height-default\" data-id=\"09656e7\" data-element_type=\"section\">\n\t\t\t\t\t\t<div class=\"elementor-container elementor-column-gap-default\">\n\t\t\t\t\t<div class=\"elementor-column elementor-col-50 elementor-top-column elementor-element elementor-element-cbcb29f\" data-id=\"cbcb29f\" data-element_type=\"column\">\n\t\t\t<div class=\"elementor-widget-wrap elementor-element-populated\">\n\t\t\t\t\t\t<div class=\"elementor-element elementor-element-5744e15 elementor-widget elementor-widget-heading\" data-id=\"5744e15\" data-element_type=\"widget\" data-widget_type=\"heading.default\">\n\t\t\t\t<div class=\"elementor-widget-container\">\n\t\t\t\t\t<h2 class=\"elementor-heading-title elementor-size-default\">Rendez\u0151<\/h2>\t\t\t\t<\/div>\n\t\t\t\t<\/div>\n\t\t\t\t<div class=\"elementor-element elementor-element-50568c9 elementor-widget elementor-widget-text-editor\" data-id=\"50568c9\" data-element_type=\"widget\" data-widget_type=\"text-editor.default\">\n\t\t\t\t<div class=\"elementor-widget-container\">\n\t\t\t\t\t\t\t\t\t<p><strong>Michal Harajda<\/strong><\/p>\n<p>+421 915 923 259<br \/>info@gp-technology.sk<\/p>\n\t\t\t\t\t\t\t\t<\/div>\n\t\t\t\t<\/div>\n\t\t\t\t<div class=\"elementor-element elementor-element-c52ca4f elementor-widget elementor-widget-heading\" data-id=\"c52ca4f\" data-element_type=\"widget\" data-widget_type=\"heading.default\">\n\t\t\t\t<div class=\"elementor-widget-container\">\n\t\t\t\t\t<h2 class=\"elementor-heading-title elementor-size-default\">Office<\/h2>\t\t\t\t<\/div>\n\t\t\t\t<\/div>\n\t\t\t\t<div class=\"elementor-element elementor-element-6fc25af elementor-widget elementor-widget-text-editor\" data-id=\"6fc25af\" data-element_type=\"widget\" data-widget_type=\"text-editor.default\">\n\t\t\t\t<div class=\"elementor-widget-container\">\n\t\t\t\t\t\t\t\t\t<p>+421 918 919 127<\/p>\n\t\t\t\t\t\t\t\t<\/div>\n\t\t\t\t<\/div>\n\t\t\t\t\t<\/div>\n\t\t<\/div>\n\t\t\t\t<div class=\"elementor-column elementor-col-50 elementor-top-column elementor-element elementor-element-ce0ade8\" data-id=\"ce0ade8\" data-element_type=\"column\">\n\t\t\t<div class=\"elementor-widget-wrap elementor-element-populated\">\n\t\t\t\t\t\t<div class=\"elementor-element elementor-element-b524d2e elementor-widget elementor-widget-heading\" data-id=\"b524d2e\" data-element_type=\"widget\" data-widget_type=\"heading.default\">\n\t\t\t\t<div class=\"elementor-widget-container\">\n\t\t\t\t\t<h2 class=\"elementor-heading-title elementor-size-default\">Sz\u00e1ml\u00e1z\u00f3 \u00e9s regisztr\u00e1ci\u00f3s adatok<\/h2>\t\t\t\t<\/div>\n\t\t\t\t<\/div>\n\t\t\t\t<section class=\"elementor-section elementor-inner-section elementor-element elementor-element-2fc47aa elementor-section-boxed elementor-section-height-default elementor-section-height-default\" data-id=\"2fc47aa\" data-element_type=\"section\">\n\t\t\t\t\t\t<div class=\"elementor-container elementor-column-gap-extended\">\n\t\t\t\t\t<div class=\"elementor-column elementor-col-50 elementor-inner-column elementor-element elementor-element-03d8ad3\" data-id=\"03d8ad3\" data-element_type=\"column\">\n\t\t\t<div class=\"elementor-widget-wrap elementor-element-populated\">\n\t\t\t\t\t\t<div class=\"elementor-element elementor-element-2eabb20 elementor-widget elementor-widget-text-editor\" data-id=\"2eabb20\" data-element_type=\"widget\" data-widget_type=\"text-editor.default\">\n\t\t\t\t<div class=\"elementor-widget-container\">\n\t\t\t\t\t\t\t\t\t<p><strong>C\u00e9gn\u00e9v:<br \/><\/strong>GP Technology, s. r. o.<\/p>\n<p><strong>Sz\u00e9khely:<br \/><\/strong>Rajsk\u00e1 7 (Budova ORBIS)<br \/>811 08 Bratislava<\/p>\n<p><strong>A c\u00e9g m\u0171k\u00f6d\u00e9se:<br \/><\/strong>\u0160irok\u00e9 631<br \/>082 37 \u0160irok\u00e9<\/p>\n\t\t\t\t\t\t\t\t<\/div>\n\t\t\t\t<\/div>\n\t\t\t\t\t<\/div>\n\t\t<\/div>\n\t\t\t\t<div class=\"elementor-column elementor-col-50 elementor-inner-column elementor-element elementor-element-09af712\" data-id=\"09af712\" data-element_type=\"column\">\n\t\t\t<div class=\"elementor-widget-wrap elementor-element-populated\">\n\t\t\t\t\t\t<div class=\"elementor-element elementor-element-df2605d elementor-widget elementor-widget-text-editor\" data-id=\"df2605d\" data-element_type=\"widget\" data-widget_type=\"text-editor.default\">\n\t\t\t\t<div class=\"elementor-widget-container\">\n\t\t\t\t\t\t\t\t\t<p><strong>Szervezet azonos\u00edt\u00f3 sz\u00e1ma:<\/strong> 50 356 461<br \/><strong>DI\u010c:<\/strong> 2120290282<br \/><strong>K\u00f6z\u00f6ss\u00e9gi ad\u00f3sz\u00e1m:<\/strong> SK2120290282<\/p>\n\t\t\t\t\t\t\t\t<\/div>\n\t\t\t\t<\/div>\n\t\t\t\t\t<\/div>\n\t\t<\/div>\n\t\t\t\t\t<\/div>\n\t\t<\/section>\n\t\t\t\t\t<\/div>\n\t\t<\/div>\n\t\t\t\t\t<\/div>\n\t\t<\/section>\n\t\t\t\t<section class=\"elementor-section elementor-top-section elementor-element elementor-element-c890929 elementor-section-full_width elementor-section-height-min-height elementor-section-height-default elementor-section-items-middle\" data-id=\"c890929\" data-element_type=\"section\">\n\t\t\t\t\t\t<div class=\"elementor-container elementor-column-gap-default\">\n\t\t\t\t\t<div class=\"elementor-column elementor-col-100 elementor-top-column elementor-element elementor-element-19e0bec\" data-id=\"19e0bec\" data-element_type=\"column\">\n\t\t\t<div class=\"elementor-widget-wrap elementor-element-populated\">\n\t\t\t\t\t\t<div class=\"elementor-element elementor-element-53dc6a1 elementor-widget elementor-widget-google_maps\" data-id=\"53dc6a1\" data-element_type=\"widget\" data-widget_type=\"google_maps.default\">\n\t\t\t\t<div class=\"elementor-widget-container\">\n\t\t\t\t\t\t\t<div class=\"elementor-custom-embed\">\n\t\t\t<iframe loading=\"lazy\"\n\t\t\t\t\tsrc=\"https:\/\/maps.google.com\/maps?q=%C5%A0irok%C3%A9%20631%2C%20082%2037%20%C5%A0irok%C3%A9&#038;t=m&#038;z=13&#038;output=embed&#038;iwloc=near\"\n\t\t\t\t\ttitle=\"\u0160irok\u00e9 631, 082 37 \u0160irok\u00e9\"\n\t\t\t\t\taria-label=\"\u0160irok\u00e9 631, 082 37 \u0160irok\u00e9\"\n\t\t\t><\/iframe>\n\t\t<\/div>\n\t\t\t\t\t\t<\/div>\n\t\t\t\t<\/div>\n\t\t\t\t\t<\/div>\n\t\t<\/div>\n\t\t\t\t\t<\/div>\n\t\t<\/section>\n\t\t\t\t<\/div>\n\t\t","protected":false},"excerpt":{"rendered":"<p>L\u00e9pjen kapcsolatba vel\u00fcnk Rendez\u0151 Michal Harajda +421 915 923 259info@gp-technology.sk Office +421 918 919 127 Sz\u00e1ml\u00e1z\u00f3 \u00e9s regisztr\u00e1ci\u00f3s adatok C\u00e9gn\u00e9v:GP Technology, s. r. o. Sz\u00e9khely:Rajsk\u00e1 7 (Budova ORBIS)811 08 Bratislava A c\u00e9g m\u0171k\u00f6d\u00e9se:\u0160irok\u00e9 631082 37 \u0160irok\u00e9 Szervezet azonos\u00edt\u00f3 sz\u00e1ma: 50 356 461DI\u010c: 2120290282K\u00f6z\u00f6ss\u00e9gi ad\u00f3sz\u00e1m: SK2120290282<\/p>\n","protected":false},"author":5,"featured_media":0,"parent":0,"menu_order":0,"comment_status":"closed","ping_status":"closed","template":"","meta":{"footnotes":""},"class_list":["post-1368","page","type-page","status-publish","hentry"],"yoast_head":"<!-- This site is optimized with the Yoast SEO plugin v25.9 - https:\/\/yoast.com\/wordpress\/plugins\/seo\/ -->\n<title>Kapcsolat | General Plastic<\/title>\n<meta name=\"description\" content=\"General Plastic, a.s. - Priemyseln\u00fd are\u00e1l 3677, 946 03 Kol\u00e1rovo\" \/>\n<meta name=\"robots\" content=\"index, follow, max-snippet:-1, max-image-preview:large, max-video-preview:-1\" \/>\n<link rel=\"canonical\" href=\"https:\/\/gp-technology.sk\/kontakt\/\" \/>\n<meta property=\"og:locale\" content=\"hu_HU\" \/>\n<meta property=\"og:type\" content=\"article\" \/>\n<meta property=\"og:title\" content=\"Kapcsolat | General Plastic\" \/>\n<meta property=\"og:description\" content=\"General Plastic, a.s. - Priemyseln\u00fd are\u00e1l 3677, 946 03 Kol\u00e1rovo\" \/>\n<meta property=\"og:url\" content=\"https:\/\/gp-technology.sk\/kontakt\/\" \/>\n<meta property=\"og:site_name\" content=\"GP Technology\" \/>\n<meta property=\"article:modified_time\" content=\"2022-06-24T12:59:17+00:00\" \/>\n<meta name=\"twitter:card\" content=\"summary_large_image\" \/>\n<script type=\"application\/ld+json\" class=\"yoast-schema-graph\">{\"@context\":\"https:\/\/schema.org\",\"@graph\":[{\"@type\":\"WebPage\",\"@id\":\"https:\/\/gp-technology.sk\/kontakt\/\",\"url\":\"https:\/\/gp-technology.sk\/kontakt\/\",\"name\":\"Kapcsolat | General Plastic\",\"isPartOf\":{\"@id\":\"https:\/\/gp-technology.sk\/#website\"},\"datePublished\":\"2020-07-08T09:17:07+00:00\",\"dateModified\":\"2022-06-24T12:59:17+00:00\",\"description\":\"General Plastic, a.s. - Priemyseln\u00fd are\u00e1l 3677, 946 03 Kol\u00e1rovo\",\"breadcrumb\":{\"@id\":\"https:\/\/gp-technology.sk\/kontakt\/#breadcrumb\"},\"inLanguage\":\"hu\",\"potentialAction\":[{\"@type\":\"ReadAction\",\"target\":[\"https:\/\/gp-technology.sk\/kontakt\/\"]}]},{\"@type\":\"BreadcrumbList\",\"@id\":\"https:\/\/gp-technology.sk\/kontakt\/#breadcrumb\",\"itemListElement\":[{\"@type\":\"ListItem\",\"position\":1,\"name\":\"Domovsk\u00e1 str\u00e1nka\",\"item\":\"https:\/\/gp-technology.sk\/hu\/\"},{\"@type\":\"ListItem\",\"position\":2,\"name\":\"Kapcsolat\"}]},{\"@type\":\"WebSite\",\"@id\":\"https:\/\/gp-technology.sk\/#website\",\"url\":\"https:\/\/gp-technology.sk\/\",\"name\":\"GP Technology\",\"description\":\"\",\"potentialAction\":[{\"@type\":\"SearchAction\",\"target\":{\"@type\":\"EntryPoint\",\"urlTemplate\":\"https:\/\/gp-technology.sk\/?s={search_term_string}\"},\"query-input\":{\"@type\":\"PropertyValueSpecification\",\"valueRequired\":true,\"valueName\":\"search_term_string\"}}],\"inLanguage\":\"hu\"}]}<\/script>\n<!-- \/ Yoast SEO plugin. -->","yoast_head_json":{"title":"Kapcsolat | General Plastic","description":"General Plastic, a.s. - Priemyseln\u00fd are\u00e1l 3677, 946 03 Kol\u00e1rovo","robots":{"index":"index","follow":"follow","max-snippet":"max-snippet:-1","max-image-preview":"max-image-preview:large","max-video-preview":"max-video-preview:-1"},"canonical":"https:\/\/gp-technology.sk\/kontakt\/","og_locale":"hu_HU","og_type":"article","og_title":"Kapcsolat | General Plastic","og_description":"General Plastic, a.s. - Priemyseln\u00fd are\u00e1l 3677, 946 03 Kol\u00e1rovo","og_url":"https:\/\/gp-technology.sk\/kontakt\/","og_site_name":"GP Technology","article_modified_time":"2022-06-24T12:59:17+00:00","twitter_card":"summary_large_image","schema":{"@context":"https:\/\/schema.org","@graph":[{"@type":"WebPage","@id":"https:\/\/gp-technology.sk\/kontakt\/","url":"https:\/\/gp-technology.sk\/kontakt\/","name":"Kapcsolat | General Plastic","isPartOf":{"@id":"https:\/\/gp-technology.sk\/#website"},"datePublished":"2020-07-08T09:17:07+00:00","dateModified":"2022-06-24T12:59:17+00:00","description":"General Plastic, a.s. - Priemyseln\u00fd are\u00e1l 3677, 946 03 Kol\u00e1rovo","breadcrumb":{"@id":"https:\/\/gp-technology.sk\/kontakt\/#breadcrumb"},"inLanguage":"hu","potentialAction":[{"@type":"ReadAction","target":["https:\/\/gp-technology.sk\/kontakt\/"]}]},{"@type":"BreadcrumbList","@id":"https:\/\/gp-technology.sk\/kontakt\/#breadcrumb","itemListElement":[{"@type":"ListItem","position":1,"name":"Domovsk\u00e1 str\u00e1nka","item":"https:\/\/gp-technology.sk\/hu\/"},{"@type":"ListItem","position":2,"name":"Kapcsolat"}]},{"@type":"WebSite","@id":"https:\/\/gp-technology.sk\/#website","url":"https:\/\/gp-technology.sk\/","name":"GP Technology","description":"","potentialAction":[{"@type":"SearchAction","target":{"@type":"EntryPoint","urlTemplate":"https:\/\/gp-technology.sk\/?s={search_term_string}"},"query-input":{"@type":"PropertyValueSpecification","valueRequired":true,"valueName":"search_term_string"}}],"inLanguage":"hu"}]}},"_links":{"self":[{"href":"https:\/\/gp-technology.sk\/hu\/wp-json\/wp\/v2\/pages\/1368","targetHints":{"allow":["GET"]}}],"collection":[{"href":"https:\/\/gp-technology.sk\/hu\/wp-json\/wp\/v2\/pages"}],"about":[{"href":"https:\/\/gp-technology.sk\/hu\/wp-json\/wp\/v2\/types\/page"}],"author":[{"embeddable":true,"href":"https:\/\/gp-technology.sk\/hu\/wp-json\/wp\/v2\/users\/5"}],"replies":[{"embeddable":true,"href":"https:\/\/gp-technology.sk\/hu\/wp-json\/wp\/v2\/comments?post=1368"}],"version-history":[{"count":6,"href":"https:\/\/gp-technology.sk\/hu\/wp-json\/wp\/v2\/pages\/1368\/revisions"}],"predecessor-version":[{"id":3361,"href":"https:\/\/gp-technology.sk\/hu\/wp-json\/wp\/v2\/pages\/1368\/revisions\/3361"}],"wp:attachment":[{"href":"https:\/\/gp-technology.sk\/hu\/wp-json\/wp\/v2\/media?parent=1368"}],"curies":[{"name":"wp","href":"https:\/\/api.w.org\/{rel}","templated":true}]}}